{"id":944,"date":"2024-09-18T06:03:43","date_gmt":"2024-09-18T06:03:43","guid":{"rendered":"http:\/\/www.vshainburg.ac.at\/httpdocs\/wordpress\/?page_id=944"},"modified":"2025-05-14T06:36:15","modified_gmt":"2025-05-14T06:36:15","slug":"schulchor","status":"publish","type":"page","link":"http:\/\/www.vshainburg.ac.at\/httpdocs\/wordpress\/?page_id=944","title":{"rendered":"Schulchor"},"content":{"rendered":"\n<figure class=\"wp-block-image size-large\"><img loading=\"lazy\" decoding=\"async\" width=\"1024\" height=\"525\" src=\"http:\/\/www.vshainburg.ac.at\/httpdocs\/wordpress\/wp-content\/uploads\/2025\/04\/Chor-Foto-Chorissimo-1-1024x525.jpg\" alt=\"\" class=\"wp-image-1179\" srcset=\"http:\/\/www.vshainburg.ac.at\/httpdocs\/wordpress\/wp-content\/uploads\/2025\/04\/Chor-Foto-Chorissimo-1-1024x525.jpg 1024w, http:\/\/www.vshainburg.ac.at\/httpdocs\/wordpress\/wp-content\/uploads\/2025\/04\/Chor-Foto-Chorissimo-1-300x154.jpg 300w, http:\/\/www.vshainburg.ac.at\/httpdocs\/wordpress\/wp-content\/uploads\/2025\/04\/Chor-Foto-Chorissimo-1-768x394.jpg 768w, http:\/\/www.vshainburg.ac.at\/httpdocs\/wordpress\/wp-content\/uploads\/2025\/04\/Chor-Foto-Chorissimo-1-1536x788.jpg 1536w, http:\/\/www.vshainburg.ac.at\/httpdocs\/wordpress\/wp-content\/uploads\/2025\/04\/Chor-Foto-Chorissimo-1-2048x1050.jpg 2048w\" sizes=\"auto, (max-width: 1024px) 100vw, 1024px\" \/><\/figure>\n\n\n\n<figure class=\"wp-block-image size-large\"><img loading=\"lazy\" decoding=\"async\" width=\"1024\" height=\"683\" src=\"http:\/\/www.vshainburg.ac.at\/httpdocs\/wordpress\/wp-content\/uploads\/2025\/05\/PM_2025-04-25_15-35-46_Kopie-1024x683.jpg\" alt=\"\" class=\"wp-image-1183\" srcset=\"http:\/\/www.vshainburg.ac.at\/httpdocs\/wordpress\/wp-content\/uploads\/2025\/05\/PM_2025-04-25_15-35-46_Kopie-1024x683.jpg 1024w, http:\/\/www.vshainburg.ac.at\/httpdocs\/wordpress\/wp-content\/uploads\/2025\/05\/PM_2025-04-25_15-35-46_Kopie-300x200.jpg 300w, http:\/\/www.vshainburg.ac.at\/httpdocs\/wordpress\/wp-content\/uploads\/2025\/05\/PM_2025-04-25_15-35-46_Kopie-768x512.jpg 768w, http:\/\/www.vshainburg.ac.at\/httpdocs\/wordpress\/wp-content\/uploads\/2025\/05\/PM_2025-04-25_15-35-46_Kopie-1536x1024.jpg 1536w, http:\/\/www.vshainburg.ac.at\/httpdocs\/wordpress\/wp-content\/uploads\/2025\/05\/PM_2025-04-25_15-35-46_Kopie-2048x1366.jpg 2048w\" sizes=\"auto, (max-width: 1024px) 100vw, 1024px\" \/><\/figure>\n\n\n\n<figure class=\"wp-block-image size-full\"><img loading=\"lazy\" decoding=\"async\" width=\"604\" height=\"850\" src=\"http:\/\/www.vshainburg.ac.at\/httpdocs\/wordpress\/wp-content\/uploads\/2025\/05\/image.png\" alt=\"\" class=\"wp-image-1186\" srcset=\"http:\/\/www.vshainburg.ac.at\/httpdocs\/wordpress\/wp-content\/uploads\/2025\/05\/image.png 604w, http:\/\/www.vshainburg.ac.at\/httpdocs\/wordpress\/wp-content\/uploads\/2025\/05\/image-213x300.png 213w\" sizes=\"auto, (max-width: 604px) 100vw, 604px\" \/><\/figure>\n\n\n\n<p><\/p>\n\n\n\n<p><\/p>\n\n\n\n<p>Der seit dem Schuljahr 2019\/20 bestehende Schulchor erfreut sich immer gr\u00f6\u00dferem Zulauf. Das Singen in der Gemeinschaft und die gemeinsamen Auftritte sind der VS Hainburg ein wichtiger Rahmen der musikalischen Arbeit.<br>Das heurige Abschlusskonzert, unter der Leitung von Lisa und Julia Weinberger im Turnsaal der Volksschule, war ein gro\u00dfer Erfolg.<br>Die Sch\u00fclerInnen waren mit gro\u00dfem Einsatz bei der Sache und die Eltern applaudierten ihren Spr\u00f6sslingen begeistert.<\/p>\n\n\n\n<figure class=\"wp-block-image size-large\"><img loading=\"lazy\" decoding=\"async\" width=\"1024\" height=\"579\" src=\"http:\/\/www.vshainburg.ac.at\/httpdocs\/wordpress\/wp-content\/uploads\/2024\/10\/image-1-1024x579.png\" alt=\"\" class=\"wp-image-981\" srcset=\"http:\/\/www.vshainburg.ac.at\/httpdocs\/wordpress\/wp-content\/uploads\/2024\/10\/image-1-1024x579.png 1024w, http:\/\/www.vshainburg.ac.at\/httpdocs\/wordpress\/wp-content\/uploads\/2024\/10\/image-1-300x170.png 300w, http:\/\/www.vshainburg.ac.at\/httpdocs\/wordpress\/wp-content\/uploads\/2024\/10\/image-1-768x434.png 768w, http:\/\/www.vshainburg.ac.at\/httpdocs\/wordpress\/wp-content\/uploads\/2024\/10\/image-1.png 1197w\" sizes=\"auto, (max-width: 1024px) 100vw, 1024px\" \/><\/figure>\n\n\n\n<p><\/p>\n\n\n\n<p><strong>Die Hainburger Lions<\/strong> sponsern den \u201eDonauspatzen\u201c einheitliche Leibchen f\u00fcr ihre Auftritte. Der Kinderchor der Volksschule Hainburg wird seit 2023\/24 von den Lehrerinnen Julia und Lisa Weinberger geleitet und hat derzeit rund 50 Mitglieder aus den 3. und 4. Klassen<\/p>\n\n\n\n<p>\u201eEs geht dem Lions Club nicht alleine um das fesche Aussehen des Chores, sondern vielmehr auch um den Spa\u00df am Singen und die musikalische Entwicklung der Kinder\u201c, erkl\u00e4rt Lions-Pr\u00e4sident Johannes Mainx.<\/p>\n\n\n\n<p>Nun k\u00f6nnen die Kinder beim n\u00e4chsten gro\u00dfen Konzert schon im gemeinsamen Outfit auftreten. Am 25. April geht&#8217;s n\u00e4mlich nach Grafenegg, wo das Landesjugendreferat N\u00d6 und die Bildungsdirektion f\u00fcr Nieder\u00f6sterreich auch 2025 im Auditorium des Schlosses ein Kinder-und Jugendchortreffen organisieren.<\/p>\n\n\n\n<p>Unter dem Titel \u201echorissimo! 2025\u201c sind drei Konzerte geplant, zahlreiche Schul-, Kinder-und Jugendch\u00f6re werden dieses vokale Ereignis mitgestalten. Aus unserer Region werden die Volksschule Hainburg mit den \u201eDonauspatzen\u201c und ein Chor des Gymnasiums Bruck an dieser Veranstaltung teilnehmen.<\/p>\n\n\n\n<figure class=\"wp-block-image size-full\"><img loading=\"lazy\" decoding=\"async\" width=\"650\" height=\"366\" src=\"http:\/\/www.vshainburg.ac.at\/httpdocs\/wordpress\/wp-content\/uploads\/2025\/04\/image-3.png\" alt=\"\" class=\"wp-image-1155\" srcset=\"http:\/\/www.vshainburg.ac.at\/httpdocs\/wordpress\/wp-content\/uploads\/2025\/04\/image-3.png 650w, http:\/\/www.vshainburg.ac.at\/httpdocs\/wordpress\/wp-content\/uploads\/2025\/04\/image-3-300x169.png 300w\" sizes=\"auto, (max-width: 650px) 100vw, 650px\" \/><\/figure>\n\n\n\n<figure class=\"wp-block-image size-full\"><img loading=\"lazy\" decoding=\"async\" width=\"671\" height=\"57\" src=\"http:\/\/www.vshainburg.ac.at\/httpdocs\/wordpress\/wp-content\/uploads\/2025\/04\/image-4.png\" alt=\"\" class=\"wp-image-1156\" srcset=\"http:\/\/www.vshainburg.ac.at\/httpdocs\/wordpress\/wp-content\/uploads\/2025\/04\/image-4.png 671w, http:\/\/www.vshainburg.ac.at\/httpdocs\/wordpress\/wp-content\/uploads\/2025\/04\/image-4-300x25.png 300w\" sizes=\"auto, (max-width: 671px) 100vw, 671px\" \/><\/figure>\n\n\n\n<p><\/p>\n","protected":false},"excerpt":{"rendered":"<p>Der seit dem Schuljahr 2019\/20 bestehende Schulchor erfreut sich immer gr\u00f6\u00dferem Zulauf. Das Singen in der Gemeinschaft und die gemeinsamen Auftritte sind der VS Hainburg ein wichtiger Rahmen der musikalischen Arbeit.Das heurige Abschlusskonzert, unter der Leitung von Lisa und Julia Weinberger im Turnsaal der Volksschule, war ein gro\u00dfer Erfolg.Die Sch\u00fclerInnen<\/p>\n","protected":false},"author":11,"featured_media":0,"parent":0,"menu_order":0,"comment_status":"closed","ping_status":"closed","template":"","meta":{"footnotes":""},"class_list":["post-944","page","type-page","status-publish","hentry"],"_links":{"self":[{"href":"http:\/\/www.vshainburg.ac.at\/httpdocs\/wordpress\/index.php?rest_route=\/wp\/v2\/pages\/944","targetHints":{"allow":["GET"]}}],"collection":[{"href":"http:\/\/www.vshainburg.ac.at\/httpdocs\/wordpress\/index.php?rest_route=\/wp\/v2\/pages"}],"about":[{"href":"http:\/\/www.vshainburg.ac.at\/httpdocs\/wordpress\/index.php?rest_route=\/wp\/v2\/types\/page"}],"author":[{"embeddable":true,"href":"http:\/\/www.vshainburg.ac.at\/httpdocs\/wordpress\/index.php?rest_route=\/wp\/v2\/users\/11"}],"replies":[{"embeddable":true,"href":"http:\/\/www.vshainburg.ac.at\/httpdocs\/wordpress\/index.php?rest_route=%2Fwp%2Fv2%2Fcomments&post=944"}],"version-history":[{"count":10,"href":"http:\/\/www.vshainburg.ac.at\/httpdocs\/wordpress\/index.php?rest_route=\/wp\/v2\/pages\/944\/revisions"}],"predecessor-version":[{"id":1187,"href":"http:\/\/www.vshainburg.ac.at\/httpdocs\/wordpress\/index.php?rest_route=\/wp\/v2\/pages\/944\/revisions\/1187"}],"wp:attachment":[{"href":"http:\/\/www.vshainburg.ac.at\/httpdocs\/wordpress\/index.php?rest_route=%2Fwp%2Fv2%2Fmedia&parent=944"}],"curies":[{"name":"wp","href":"https:\/\/api.w.org\/{rel}","templated":true}]}}