{"id":74,"date":"2019-01-20T18:37:44","date_gmt":"2019-01-20T18:37:44","guid":{"rendered":"http:\/\/www.vshainburg.ac.at\/httpdocs\/wordpress\/?page_id=74"},"modified":"2025-12-10T10:55:30","modified_gmt":"2025-12-10T10:55:30","slug":"termine","status":"publish","type":"page","link":"http:\/\/www.vshainburg.ac.at\/httpdocs\/wordpress\/?page_id=74","title":{"rendered":"Termine"},"content":{"rendered":"\n<p class=\"has-medium-font-size\"><strong>Geplante Aktivit\u00e4ten, Projekte und Workshops im Schuljahr 2025\/26<\/strong><\/p>\n\n\n\n<p><strong>September<\/strong> <br>Klassenforen<br>Messe und WGD zur Er\u00f6ffnung des Schuljahres<br>&#8222;H2NOE&#8220; -Wasserschule<br>!GIB8 Verkehrsunterricht f\u00fcr die ersten Klassen<br>Zu Fu\u00df in die Schule<br>Wandertage<br>Zahngesundheitserziehung<br>Mitmachkonzert<br>Workshop &#8222;Safer Internet&#8220;<br>Feueralarm<br><br><\/p>\n\n\n\n<p><strong>Oktober<\/strong><br>Schulforum<br>Workshop Nationalpark<br>&#8222;Hallo Auto&#8220;<br>&#8222;Safer Internet&#8220;<br>Wandertage<br><br><\/p>\n\n\n\n<p><strong>November<\/strong><br>Buchausstellung<br>&#8222;Safer Internet&#8220;<br>Bewegte Klasse<br>KEL-Gespr\u00e4che mit Buchausstellung<br>Elterninfotag + Vortrag Resiliente Kinder f\u00fcr Schulanf\u00e4nger 2026\/27<br><\/p>\n\n\n\n<p><strong>Dezember<\/strong><br>Adventkranzweihe<br>Er\u00f6ffnung Weihnachtsmarkt der Pfarre<br>Gestaltung Messe Lions Club Hainburg<br>Bewegte Klasse<br>Engerlwerkstatt in den Klassen<br>Weihnachtsmesse bzw. WGD<br><\/p>\n\n\n\n<p><strong>J\u00e4nner<\/strong> <br>Schuleinschreibung mit Schulreifetest und MIKA-O<br>Eislauftage<br>Bewegte Klasse<br>Rotes Kreuz Bisspr\u00e4vention<br><br><\/p>\n\n\n\n<p><strong>Februar<\/strong><br>Eislauftage<br>Schul\u00e4rztliche Untersuchung<br>Forschertage<br>Mitmachkonzert der Musikschule Hainburg<\/p>\n\n\n\n<p><strong>M\u00e4rz<\/strong><br>Faschingsdienstag<br>Zahnarzt 1.+4. Klassen<br>Fotograf<br>Workshop Nationalpark<br>Apollonia Zahngesundheitserziehung<br><\/p>\n\n\n\n<p><strong>April<\/strong><br>Blick und Klick <br>Gr\u00fcne Meilen &#8211; Klimameilenfest<br>Autorenlesung<br>Workshop Nationalpark<br><\/p>\n\n\n\n<p><strong>Mai<\/strong><br>Erstkommunion<br>Safety Tour<br>Sumsi Cup<br>Sicher \u00fcber die Stra\u00dfe (AUVA)<br><\/p>\n\n\n\n<p><strong>Juni<\/strong><br>Sicher \u00fcber die Stra\u00dfe Workshop AUVA<br>Kinderyoga-Workshop<br>Abschlussfest<br>Eiswagen<br>Wandertage<br>Schwimmen<br>Exkursionen<br>Lehrerausg\u00e4nge<br>Abschluss &#8211; Zeugnis<br><\/p>\n\n\n\n<p><\/p>\n","protected":false},"excerpt":{"rendered":"<p>Geplante Aktivit\u00e4ten, Projekte und Workshops im Schuljahr 2025\/26 September KlassenforenMesse und WGD zur Er\u00f6ffnung des Schuljahres&#8222;H2NOE&#8220; -Wasserschule!GIB8 Verkehrsunterricht f\u00fcr die ersten KlassenZu Fu\u00df in die SchuleWandertageZahngesundheitserziehungMitmachkonzertWorkshop &#8222;Safer Internet&#8220;Feueralarm OktoberSchulforumWorkshop Nationalpark&#8222;Hallo Auto&#8220;&#8222;Safer Internet&#8220;Wandertage NovemberBuchausstellung&#8222;Safer Internet&#8220;Bewegte KlasseKEL-Gespr\u00e4che mit BuchausstellungElterninfotag + Vortrag Resiliente Kinder f\u00fcr Schulanf\u00e4nger 2026\/27 DezemberAdventkranzweiheEr\u00f6ffnung Weihnachtsmarkt der PfarreGestaltung Messe Lions<\/p>\n","protected":false},"author":9,"featured_media":0,"parent":0,"menu_order":0,"comment_status":"closed","ping_status":"closed","template":"","meta":{"footnotes":""},"class_list":["post-74","page","type-page","status-publish","hentry"],"_links":{"self":[{"href":"http:\/\/www.vshainburg.ac.at\/httpdocs\/wordpress\/index.php?rest_route=\/wp\/v2\/pages\/74","targetHints":{"allow":["GET"]}}],"collection":[{"href":"http:\/\/www.vshainburg.ac.at\/httpdocs\/wordpress\/index.php?rest_route=\/wp\/v2\/pages"}],"about":[{"href":"http:\/\/www.vshainburg.ac.at\/httpdocs\/wordpress\/index.php?rest_route=\/wp\/v2\/types\/page"}],"author":[{"embeddable":true,"href":"http:\/\/www.vshainburg.ac.at\/httpdocs\/wordpress\/index.php?rest_route=\/wp\/v2\/users\/9"}],"replies":[{"embeddable":true,"href":"http:\/\/www.vshainburg.ac.at\/httpdocs\/wordpress\/index.php?rest_route=%2Fwp%2Fv2%2Fcomments&post=74"}],"version-history":[{"count":38,"href":"http:\/\/www.vshainburg.ac.at\/httpdocs\/wordpress\/index.php?rest_route=\/wp\/v2\/pages\/74\/revisions"}],"predecessor-version":[{"id":1320,"href":"http:\/\/www.vshainburg.ac.at\/httpdocs\/wordpress\/index.php?rest_route=\/wp\/v2\/pages\/74\/revisions\/1320"}],"wp:attachment":[{"href":"http:\/\/www.vshainburg.ac.at\/httpdocs\/wordpress\/index.php?rest_route=%2Fwp%2Fv2%2Fmedia&parent=74"}],"curies":[{"name":"wp","href":"https:\/\/api.w.org\/{rel}","templated":true}]}}