{"id":691,"date":"2023-06-16T09:08:00","date_gmt":"2023-06-16T09:08:00","guid":{"rendered":"http:\/\/www.vshainburg.ac.at\/httpdocs\/wordpress\/?page_id=691"},"modified":"2026-03-02T08:39:51","modified_gmt":"2026-03-02T08:39:51","slug":"presse","status":"publish","type":"page","link":"http:\/\/www.vshainburg.ac.at\/httpdocs\/wordpress\/?page_id=691","title":{"rendered":"Presse"},"content":{"rendered":"\n<p style=\"font-size:28px\"><strong>Smartboards f\u00fcr die Schule<\/strong><\/p>\n\n\n\n<figure class=\"wp-block-image size-full\"><img loading=\"lazy\" decoding=\"async\" width=\"650\" height=\"366\" src=\"http:\/\/www.vshainburg.ac.at\/httpdocs\/wordpress\/wp-content\/uploads\/2026\/02\/image.png\" alt=\"\" class=\"wp-image-1330\" srcset=\"http:\/\/www.vshainburg.ac.at\/httpdocs\/wordpress\/wp-content\/uploads\/2026\/02\/image.png 650w, http:\/\/www.vshainburg.ac.at\/httpdocs\/wordpress\/wp-content\/uploads\/2026\/02\/image-300x169.png 300w\" sizes=\"auto, (max-width: 650px) 100vw, 650px\" \/><\/figure>\n\n\n\n<p class=\"has-small-font-size\">N\u00d6N Woche 08\/2026<\/p>\n\n\n\n<p><strong>D<\/strong>ie Sparkasse Hainburg Privatstiftung unterst\u00fctzt die Digitalisierung des Unterrichts mit rund 33.000 Euro.<\/p>\n\n\n\n<p>Touchscreen statt Kreidestaub: Die Sparkasse Hainburg Privatstiftung unterst\u00fctzt die Digitalisierung des Unterrichts in der Volksschule Hainburg und finanziert vier Smartboards inklusive Zubeh\u00f6r um rund 33.000 Euro. Die modernen Tafeln sollen interaktives Lernen in die Klassen bringen und den sicheren Umgang mit digitalen Medien f\u00f6rdern.<\/p>\n\n\n\n<p>\u201eMit den Smartboards unterst\u00fctzen wir die P\u00e4dagoginnen und P\u00e4dagogen in ihrer t\u00e4glichen Arbeit und schaffen moderne Lernbedingungen f\u00fcr die Kinder\u201c, erkl\u00e4rt Stephanie Nestawal, Vorstandsvorsitzende der Privatstiftung.<\/p>\n\n\n\n<p>Die digitalen Tafeln sind an einen Computer angeschlossen und erm\u00f6glichen anschaulichen und abwechslungsreichen Unterricht. Lerninhalte k\u00f6nnen mit einfacher Ber\u00fchrung angezeigt und gestaltet werden. So ist es m\u00f6glich, Aufgaben individuell anzupassen und Videos oder Lernspiele direkt in den Unterricht einzubinden. Dadurch werden Motivation, Sprachentwicklung und Medienkompetenz der Kinder beg\u00fcnstigt.<\/p>\n\n\n\n<p>\u201eWir freuen uns sehr \u00fcber die p\u00e4dagogischen M\u00f6glichkeiten der modernen Unterrichtsmedien und den positiven Einfluss auf Unterricht und Lernprozesse an der Volksschule Hainburg\u201c, sagt Direktorin Sabine Schodritz.<\/p>\n\n\n\n<p>Gemeinsam mit der Volksschule will die Privatstiftung Projekte f\u00f6rdern, die Bildung und Chancengleichheit in der Region st\u00e4rken. Neben gr\u00f6\u00dferen Vorhaben wie der neuen AHS \u201eSchule am Wasserturm\u201c unterst\u00fctzt die Privatstiftung gezielt Einrichtungen, die Kinder im Alltag erreichen und direkt von der F\u00f6rderung profitieren. \u201eWir m\u00f6chten dazu beitragen, dass Kinder in unserer Region die besten Voraussetzungen f\u00fcr ihre Zukunft bekommen \u2013 und das beginnt mit guter Bildung\u201c, fasst Nestawal zusammen.<\/p>\n\n\n\n<p class=\"has-large-font-size\"><strong>Buchausstellung in der Volksschule Hainburg<\/strong><\/p>\n\n\n\n<figure class=\"wp-block-image size-large\"><img loading=\"lazy\" decoding=\"async\" width=\"724\" height=\"1024\" src=\"http:\/\/www.vshainburg.ac.at\/httpdocs\/wordpress\/wp-content\/uploads\/2026\/03\/Im-Bild-Maerz-2026-JPG-724x1024.jpg\" alt=\"\" class=\"wp-image-1337\" srcset=\"http:\/\/www.vshainburg.ac.at\/httpdocs\/wordpress\/wp-content\/uploads\/2026\/03\/Im-Bild-Maerz-2026-JPG-724x1024.jpg 724w, http:\/\/www.vshainburg.ac.at\/httpdocs\/wordpress\/wp-content\/uploads\/2026\/03\/Im-Bild-Maerz-2026-JPG-212x300.jpg 212w, http:\/\/www.vshainburg.ac.at\/httpdocs\/wordpress\/wp-content\/uploads\/2026\/03\/Im-Bild-Maerz-2026-JPG-768x1086.jpg 768w, http:\/\/www.vshainburg.ac.at\/httpdocs\/wordpress\/wp-content\/uploads\/2026\/03\/Im-Bild-Maerz-2026-JPG-1086x1536.jpg 1086w, http:\/\/www.vshainburg.ac.at\/httpdocs\/wordpress\/wp-content\/uploads\/2026\/03\/Im-Bild-Maerz-2026-JPG-1448x2048.jpg 1448w, http:\/\/www.vshainburg.ac.at\/httpdocs\/wordpress\/wp-content\/uploads\/2026\/03\/Im-Bild-Maerz-2026-JPG.jpg 1653w\" sizes=\"auto, (max-width: 724px) 100vw, 724px\" \/><\/figure>\n\n\n\n<h2 class=\"wp-block-heading\">Sch\u00fcler erforschen Auen<\/h2>\n\n\n\n<figure class=\"wp-block-image size-large\"><img loading=\"lazy\" decoding=\"async\" width=\"1024\" height=\"745\" src=\"http:\/\/www.vshainburg.ac.at\/httpdocs\/wordpress\/wp-content\/uploads\/2025\/10\/Schulkinder-erforschen-Auen-KW42_2025-1024x745.jpg\" alt=\"\" class=\"wp-image-1264\" srcset=\"http:\/\/www.vshainburg.ac.at\/httpdocs\/wordpress\/wp-content\/uploads\/2025\/10\/Schulkinder-erforschen-Auen-KW42_2025-1024x745.jpg 1024w, http:\/\/www.vshainburg.ac.at\/httpdocs\/wordpress\/wp-content\/uploads\/2025\/10\/Schulkinder-erforschen-Auen-KW42_2025-300x218.jpg 300w, http:\/\/www.vshainburg.ac.at\/httpdocs\/wordpress\/wp-content\/uploads\/2025\/10\/Schulkinder-erforschen-Auen-KW42_2025-768x558.jpg 768w, http:\/\/www.vshainburg.ac.at\/httpdocs\/wordpress\/wp-content\/uploads\/2025\/10\/Schulkinder-erforschen-Auen-KW42_2025-1536x1117.jpg 1536w, http:\/\/www.vshainburg.ac.at\/httpdocs\/wordpress\/wp-content\/uploads\/2025\/10\/Schulkinder-erforschen-Auen-KW42_2025.jpg 1653w\" sizes=\"auto, (max-width: 1024px) 100vw, 1024px\" \/><\/figure>\n\n\n\n<h2 class=\"wp-block-heading\">Schulevents und Zertifizierung<\/h2>\n\n\n\n<figure class=\"wp-block-image size-large\"><img loading=\"lazy\" decoding=\"async\" width=\"724\" height=\"1024\" src=\"http:\/\/www.vshainburg.ac.at\/httpdocs\/wordpress\/wp-content\/uploads\/2025\/09\/Abschlussfest-VS-2025-724x1024.jpg\" alt=\"\" class=\"wp-image-1244\" srcset=\"http:\/\/www.vshainburg.ac.at\/httpdocs\/wordpress\/wp-content\/uploads\/2025\/09\/Abschlussfest-VS-2025-724x1024.jpg 724w, http:\/\/www.vshainburg.ac.at\/httpdocs\/wordpress\/wp-content\/uploads\/2025\/09\/Abschlussfest-VS-2025-212x300.jpg 212w, http:\/\/www.vshainburg.ac.at\/httpdocs\/wordpress\/wp-content\/uploads\/2025\/09\/Abschlussfest-VS-2025-768x1086.jpg 768w, http:\/\/www.vshainburg.ac.at\/httpdocs\/wordpress\/wp-content\/uploads\/2025\/09\/Abschlussfest-VS-2025-1086x1536.jpg 1086w, http:\/\/www.vshainburg.ac.at\/httpdocs\/wordpress\/wp-content\/uploads\/2025\/09\/Abschlussfest-VS-2025-1448x2048.jpg 1448w, http:\/\/www.vshainburg.ac.at\/httpdocs\/wordpress\/wp-content\/uploads\/2025\/09\/Abschlussfest-VS-2025.jpg 1653w\" sizes=\"auto, (max-width: 724px) 100vw, 724px\" \/><\/figure>\n\n\n\n<h2 class=\"wp-block-heading\">Gesunde Hainburger Schulen<\/h2>\n\n\n\n<figure class=\"wp-block-image size-large\"><img loading=\"lazy\" decoding=\"async\" width=\"724\" height=\"1024\" src=\"http:\/\/www.vshainburg.ac.at\/httpdocs\/wordpress\/wp-content\/uploads\/2025\/09\/Gesundes-Hainburg-Rueckblick-724x1024.jpg\" alt=\"\" class=\"wp-image-1243\" srcset=\"http:\/\/www.vshainburg.ac.at\/httpdocs\/wordpress\/wp-content\/uploads\/2025\/09\/Gesundes-Hainburg-Rueckblick-724x1024.jpg 724w, http:\/\/www.vshainburg.ac.at\/httpdocs\/wordpress\/wp-content\/uploads\/2025\/09\/Gesundes-Hainburg-Rueckblick-212x300.jpg 212w, http:\/\/www.vshainburg.ac.at\/httpdocs\/wordpress\/wp-content\/uploads\/2025\/09\/Gesundes-Hainburg-Rueckblick-768x1086.jpg 768w, http:\/\/www.vshainburg.ac.at\/httpdocs\/wordpress\/wp-content\/uploads\/2025\/09\/Gesundes-Hainburg-Rueckblick-1086x1536.jpg 1086w, http:\/\/www.vshainburg.ac.at\/httpdocs\/wordpress\/wp-content\/uploads\/2025\/09\/Gesundes-Hainburg-Rueckblick-1448x2048.jpg 1448w, http:\/\/www.vshainburg.ac.at\/httpdocs\/wordpress\/wp-content\/uploads\/2025\/09\/Gesundes-Hainburg-Rueckblick.jpg 1653w\" sizes=\"auto, (max-width: 724px) 100vw, 724px\" \/><\/figure>\n\n\n\n<p class=\"has-medium-font-size\"><strong>Leben wie die &#8222;alten Rittersleut&#8220;<\/strong><\/p>\n\n\n\n<figure class=\"wp-block-image size-full\"><img loading=\"lazy\" decoding=\"async\" width=\"671\" height=\"454\" src=\"http:\/\/www.vshainburg.ac.at\/httpdocs\/wordpress\/wp-content\/uploads\/2025\/07\/image.png\" alt=\"\" class=\"wp-image-1228\" srcset=\"http:\/\/www.vshainburg.ac.at\/httpdocs\/wordpress\/wp-content\/uploads\/2025\/07\/image.png 671w, http:\/\/www.vshainburg.ac.at\/httpdocs\/wordpress\/wp-content\/uploads\/2025\/07\/image-300x203.png 300w\" sizes=\"auto, (max-width: 671px) 100vw, 671px\" \/><\/figure>\n\n\n\n<figure class=\"wp-block-image size-full is-resized\"><img loading=\"lazy\" decoding=\"async\" width=\"673\" height=\"549\" src=\"http:\/\/www.vshainburg.ac.at\/httpdocs\/wordpress\/wp-content\/uploads\/2025\/07\/image-1.png\" alt=\"\" class=\"wp-image-1229\" style=\"width:667px;height:auto\" srcset=\"http:\/\/www.vshainburg.ac.at\/httpdocs\/wordpress\/wp-content\/uploads\/2025\/07\/image-1.png 673w, http:\/\/www.vshainburg.ac.at\/httpdocs\/wordpress\/wp-content\/uploads\/2025\/07\/image-1-300x245.png 300w\" sizes=\"auto, (max-width: 673px) 100vw, 673px\" \/><\/figure>\n\n\n\n<h2 class=\"wp-block-heading\">Die Donauspatzen<\/h2>\n\n\n\n<figure class=\"wp-block-image size-full is-resized\"><img loading=\"lazy\" decoding=\"async\" width=\"650\" height=\"366\" src=\"http:\/\/www.vshainburg.ac.at\/httpdocs\/wordpress\/wp-content\/uploads\/2025\/04\/image-5.png\" alt=\"\" class=\"wp-image-1158\" style=\"width:880px;height:auto\" srcset=\"http:\/\/www.vshainburg.ac.at\/httpdocs\/wordpress\/wp-content\/uploads\/2025\/04\/image-5.png 650w, http:\/\/www.vshainburg.ac.at\/httpdocs\/wordpress\/wp-content\/uploads\/2025\/04\/image-5-300x169.png 300w\" sizes=\"auto, (max-width: 650px) 100vw, 650px\" \/><\/figure>\n\n\n\n<figure class=\"wp-block-image size-full is-resized\"><img loading=\"lazy\" decoding=\"async\" width=\"669\" height=\"61\" src=\"http:\/\/www.vshainburg.ac.at\/httpdocs\/wordpress\/wp-content\/uploads\/2025\/04\/image-6.png\" alt=\"\" class=\"wp-image-1160\" style=\"width:880px;height:auto\" srcset=\"http:\/\/www.vshainburg.ac.at\/httpdocs\/wordpress\/wp-content\/uploads\/2025\/04\/image-6.png 669w, http:\/\/www.vshainburg.ac.at\/httpdocs\/wordpress\/wp-content\/uploads\/2025\/04\/image-6-300x27.png 300w\" sizes=\"auto, (max-width: 669px) 100vw, 669px\" \/><\/figure>\n\n\n\n<h2 class=\"wp-block-heading\"><\/h2>\n","protected":false},"excerpt":{"rendered":"<p>Smartboards f\u00fcr die Schule N\u00d6N Woche 08\/2026 Die Sparkasse Hainburg Privatstiftung unterst\u00fctzt die Digitalisierung des Unterrichts mit rund 33.000 Euro. Touchscreen statt Kreidestaub: Die Sparkasse Hainburg Privatstiftung unterst\u00fctzt die Digitalisierung des Unterrichts in der Volksschule Hainburg und finanziert vier Smartboards inklusive Zubeh\u00f6r um rund 33.000 Euro. Die modernen Tafeln sollen<\/p>\n","protected":false},"author":10,"featured_media":0,"parent":0,"menu_order":0,"comment_status":"closed","ping_status":"closed","template":"","meta":{"footnotes":""},"class_list":["post-691","page","type-page","status-publish","hentry"],"_links":{"self":[{"href":"http:\/\/www.vshainburg.ac.at\/httpdocs\/wordpress\/index.php?rest_route=\/wp\/v2\/pages\/691","targetHints":{"allow":["GET"]}}],"collection":[{"href":"http:\/\/www.vshainburg.ac.at\/httpdocs\/wordpress\/index.php?rest_route=\/wp\/v2\/pages"}],"about":[{"href":"http:\/\/www.vshainburg.ac.at\/httpdocs\/wordpress\/index.php?rest_route=\/wp\/v2\/types\/page"}],"author":[{"embeddable":true,"href":"http:\/\/www.vshainburg.ac.at\/httpdocs\/wordpress\/index.php?rest_route=\/wp\/v2\/users\/10"}],"replies":[{"embeddable":true,"href":"http:\/\/www.vshainburg.ac.at\/httpdocs\/wordpress\/index.php?rest_route=%2Fwp%2Fv2%2Fcomments&post=691"}],"version-history":[{"count":29,"href":"http:\/\/www.vshainburg.ac.at\/httpdocs\/wordpress\/index.php?rest_route=\/wp\/v2\/pages\/691\/revisions"}],"predecessor-version":[{"id":1338,"href":"http:\/\/www.vshainburg.ac.at\/httpdocs\/wordpress\/index.php?rest_route=\/wp\/v2\/pages\/691\/revisions\/1338"}],"wp:attachment":[{"href":"http:\/\/www.vshainburg.ac.at\/httpdocs\/wordpress\/index.php?rest_route=%2Fwp%2Fv2%2Fmedia&parent=691"}],"curies":[{"name":"wp","href":"https:\/\/api.w.org\/{rel}","templated":true}]}}