{"id":60,"date":"2019-01-20T18:34:37","date_gmt":"2019-01-20T18:34:37","guid":{"rendered":"http:\/\/www.vshainburg.ac.at\/httpdocs\/wordpress\/?page_id=60"},"modified":"2026-04-15T09:00:28","modified_gmt":"2026-04-15T09:00:28","slug":"klassen","status":"publish","type":"page","link":"http:\/\/www.vshainburg.ac.at\/httpdocs\/wordpress\/?page_id=60","title":{"rendered":"Klassen"},"content":{"rendered":"\n<div class=\"wp-block-columns is-layout-flex wp-container-core-columns-is-layout-1 wp-block-columns-is-layout-flex\">\n<div class=\"wp-block-column is-layout-flow wp-block-column-is-layout-flow\" style=\"flex-basis:33.33%\"><\/div>\n<\/div>\n\n\n\n<p class=\"has-text-align-left\"><strong>DF\u00d6KL 1 <\/strong> Nicole Krist-Waidhofer<br><strong>DFOKL 2<\/strong> Jana Springer<br><strong>DFKU<\/strong>      Anja Karches<br><strong>VSK<\/strong>         Michelle Semerad<br><strong>1a<\/strong>            Helenita Rainer<br><strong>1b<\/strong>            Verena Plaichinger<br><strong>1c<\/strong>            Stefanie Schneider<br><strong>2a<\/strong>           Claudia Hornacek<br><strong>2b<\/strong>           Sonja Homola<br><strong>2c<\/strong>           Vera Knauss-Ott<br><strong>2d<\/strong>           Sabrina Heitzinger<br><strong>3a<\/strong>           Julia Weinberger<br><strong>3b<\/strong>           Ursula Eder-G\u00f6schl<br><strong>3c<\/strong>            Andrea M\u00f6dlhammer<br><strong>3d<\/strong>           Lisa Weinberger<br><strong>4a<\/strong>           J\u00f6rg Tesar, Petra Kammlander<br><strong>4b<\/strong>           Birgit Bodisch<br><strong>4c<\/strong>            Petra David<br><strong>4d<\/strong>           Christine Adam<\/p>\n\n\n\n<p><br><strong>SPF<\/strong> Michaela R\u00f6ssler, Bianca Math, Kathrin Stammel<br><strong>MUSK, DFKL, DFKU<\/strong> Jaroslava Sladkovikova<br><strong>T\u00fcrkisch<\/strong> Celil Alankaya<br><strong>Slowakisch<\/strong> Jaroslava Sladkovikova<br><\/p>\n\n\n\n<p><strong>ReligionslehrerInnen<\/strong><br>Birgit Pirkner <strong>r\u00f6m.- kath. Religion<\/strong><br>Monika Tomankova <strong>r\u00f6m.- kath. Religion<\/strong><br>Magdy Shaarawy <strong>isl. Religion<\/strong><br>Christa Juren- Richter <strong>ev. Religion<\/strong><br><\/p>\n","protected":false},"excerpt":{"rendered":"<p>DF\u00d6KL 1 Nicole Krist-WaidhoferDFOKL 2 Jana SpringerDFKU Anja KarchesVSK Michelle Semerad1a Helenita Rainer1b Verena Plaichinger1c Stefanie Schneider2a Claudia Hornacek2b Sonja Homola2c Vera Knauss-Ott2d Sabrina Heitzinger3a Julia Weinberger3b Ursula Eder-G\u00f6schl3c Andrea M\u00f6dlhammer3d Lisa Weinberger4a J\u00f6rg Tesar, Petra Kammlander4b Birgit Bodisch4c Petra David4d Christine Adam SPF Michaela R\u00f6ssler, Bianca Math, Kathrin StammelMUSK,<\/p>\n","protected":false},"author":9,"featured_media":0,"parent":0,"menu_order":0,"comment_status":"closed","ping_status":"closed","template":"","meta":{"footnotes":""},"class_list":["post-60","page","type-page","status-publish","hentry"],"_links":{"self":[{"href":"http:\/\/www.vshainburg.ac.at\/httpdocs\/wordpress\/index.php?rest_route=\/wp\/v2\/pages\/60","targetHints":{"allow":["GET"]}}],"collection":[{"href":"http:\/\/www.vshainburg.ac.at\/httpdocs\/wordpress\/index.php?rest_route=\/wp\/v2\/pages"}],"about":[{"href":"http:\/\/www.vshainburg.ac.at\/httpdocs\/wordpress\/index.php?rest_route=\/wp\/v2\/types\/page"}],"author":[{"embeddable":true,"href":"http:\/\/www.vshainburg.ac.at\/httpdocs\/wordpress\/index.php?rest_route=\/wp\/v2\/users\/9"}],"replies":[{"embeddable":true,"href":"http:\/\/www.vshainburg.ac.at\/httpdocs\/wordpress\/index.php?rest_route=%2Fwp%2Fv2%2Fcomments&post=60"}],"version-history":[{"count":39,"href":"http:\/\/www.vshainburg.ac.at\/httpdocs\/wordpress\/index.php?rest_route=\/wp\/v2\/pages\/60\/revisions"}],"predecessor-version":[{"id":1379,"href":"http:\/\/www.vshainburg.ac.at\/httpdocs\/wordpress\/index.php?rest_route=\/wp\/v2\/pages\/60\/revisions\/1379"}],"wp:attachment":[{"href":"http:\/\/www.vshainburg.ac.at\/httpdocs\/wordpress\/index.php?rest_route=%2Fwp%2Fv2%2Fmedia&parent=60"}],"curies":[{"name":"wp","href":"https:\/\/api.w.org\/{rel}","templated":true}]}}