{"id":59,"date":"2019-01-20T18:34:37","date_gmt":"2019-01-20T18:34:37","guid":{"rendered":"http:\/\/www.vshainburg.ac.at\/httpdocs\/wordpress\/?page_id=59"},"modified":"2023-10-04T08:57:39","modified_gmt":"2023-10-04T08:57:39","slug":"hausordnung","status":"publish","type":"page","link":"http:\/\/www.vshainburg.ac.at\/httpdocs\/wordpress\/?page_id=59","title":{"rendered":"Hausordnung"},"content":{"rendered":"\n<p class=\"has-medium-font-size\"><strong>Verhaltensvereinbarungen der VS Hainburg\/Donau<\/strong><br>zwischen SCH\u00dcLERN; LEHRERN und ELTERN<\/p>\n\n\n\n<p class=\"has-medium-font-size\"><strong>WIR SCH\u00dcLER:<\/strong><\/p>\n\n\n\n<ul class=\"wp-block-list\">\n<li>betreten\ndas Schulhaus erst um 7:30 Uhr<\/li>\n\n\n\n<li>der\nUnterricht in der Klasse beginnt um 7:45 Uhr. Bis dahin bin ich f\u00fcr den\nUnterricht vorbereitet<\/li>\n\n\n\n<li>schieben Scooter\nund Fahrr\u00e4der im Schulhof<\/li>\n\n\n\n<li>sind\nh\u00f6flich gegen\u00fcber anderen Mitmenschen \u2013 r\u00fccksichtsvoller Umgang miteinander \u2013 gr\u00fc\u00dfen\neinander freundlich<\/li>\n\n\n\n<li>sorgen f\u00fcr\nOrdnung in der Schultasche und am Arbeitsplatz<\/li>\n\n\n\n<li>behandeln\neigenes und fremdes Eigentum respektvoll<\/li>\n\n\n\n<li>gehen leise\nund langsam durch das Schulgeb\u00e4ude<\/li>\n\n\n\n<li>achten auf\nSauberkeit im Schulhaus und im Schulhof<\/li>\n\n\n\n<li>verlassen\ndas WC ordentlich<\/li>\n\n\n\n<li>trennen den\nM\u00fcll gewissenhaft<\/li>\n\n\n\n<li>kauen KEINE\nKaugummis<\/li>\n\n\n\n<li>lassen unsere Handys &amp; Smartwatches, wenn m\u00f6glich, zu Hause. Andernfalls muss es abgedreht in der Schultasche bleiben<\/li>\n\n\n\n<li>verlassen\ndas Schulgeb\u00e4ude w\u00e4hrend der Unterrichtszeit NICHT ohne Wissen der Lehrperson <\/li>\n\n\n\n<li>verlassen\nnach Unterrichtsende das Schulgeb\u00e4ude <\/li>\n<\/ul>\n\n\n\n<p>Sch\u00fclerInnen, von denen auf Grund ihres Verhaltens eine Gef\u00e4hrdung der eigenen Sicherheit oder der Sicherheit der Mitsch\u00fclerInnen zu bef\u00fcrchten ist, m\u00fcssen von den Eltern abgeholt werden!<br><\/p>\n\n\n\n<p class=\"has-medium-font-size\"><strong>WIR LEHRER:<\/strong><\/p>\n\n\n\n<ul class=\"wp-block-list\">\n<li>bem\u00fchen uns um eine umsichtige Betreuung und bestm\u00f6gliche F\u00f6rderung der uns anvertrauten Kinder<\/li>\n\n\n\n<li>pflegen einen wertsch\u00e4tzenden Umgang mit KollegInnen, Sch\u00fclerInnen und Eltern<\/li>\n\n\n\n<li>sind Ansprechpartner bei schulischen Problemen und bieten, wenn notwendig, Sprechstunden bzw. Termine an<\/li>\n\n\n\n<li>entlassen unsere Kinder p\u00fcnktlich, unsere Aufsichtspflicht endet nach dem Unterricht. <\/li>\n\n\n\n<li>freuen uns \u00fcber die aktive Mitarbeit der Eltern<br><\/li>\n<\/ul>\n\n\n\n<p class=\"has-medium-font-size\"><strong>WIR ELTERN:<\/strong><\/p>\n\n\n\n<ul class=\"wp-block-list\">\n<li>schicken unsere Kinder p\u00fcnktlich zum Unterricht<\/li>\n\n\n\n<li>entschuldigen unsere Kinder im Falle eines Fernbleibens vom Unterricht (Schoolfox)<\/li>\n\n\n\n<li>achten auch angemessene und saubere Kleidung <\/li>\n\n\n\n<li>kontrollieren t\u00e4glich das Mitteilungsheft bzw. Schoolfox<\/li>\n\n\n\n<li>verabschieden und warten auf unsere Kinder au\u00dferhalb des Schulhauses<\/li>\n\n\n\n<li>bem\u00fchen uns um h\u00f6fliche Umgangsformen<\/li>\n\n\n\n<li>bem\u00fchen uns, in Zusammenarbeit mit der Schule f\u00fcr unsere Kinder eine optimale Vorbereitung f\u00fcr die weitere Schullaufbahn zu schaffen<\/li>\n\n\n\n<li>bem\u00fchen uns, die Unterrichts- und Erziehungsarbeit der Schule zu unterst\u00fctzen<\/li>\n\n\n\n<li>achten darauf, dass unsere Kinder die Haus\u00fcbungen machen<\/li>\n\n\n\n<li>vereinbaren bei Bedarf Gespr\u00e4chstermine mit Klassenlehrern\/Direktion<\/li>\n\n\n\n<li>tragen dazu bei, den Kindern ein positives Schulbild zu vermitteln<br><br><\/li>\n<\/ul>\n","protected":false},"excerpt":{"rendered":"<p>Verhaltensvereinbarungen der VS Hainburg\/Donauzwischen SCH\u00dcLERN; LEHRERN und ELTERN WIR SCH\u00dcLER: Sch\u00fclerInnen, von denen auf Grund ihres Verhaltens eine Gef\u00e4hrdung der eigenen Sicherheit oder der Sicherheit der Mitsch\u00fclerInnen zu bef\u00fcrchten ist, m\u00fcssen von den Eltern abgeholt werden! WIR LEHRER: WIR ELTERN:<\/p>\n","protected":false},"author":9,"featured_media":0,"parent":0,"menu_order":0,"comment_status":"closed","ping_status":"closed","template":"","meta":{"footnotes":""},"class_list":["post-59","page","type-page","status-publish","hentry"],"_links":{"self":[{"href":"http:\/\/www.vshainburg.ac.at\/httpdocs\/wordpress\/index.php?rest_route=\/wp\/v2\/pages\/59","targetHints":{"allow":["GET"]}}],"collection":[{"href":"http:\/\/www.vshainburg.ac.at\/httpdocs\/wordpress\/index.php?rest_route=\/wp\/v2\/pages"}],"about":[{"href":"http:\/\/www.vshainburg.ac.at\/httpdocs\/wordpress\/index.php?rest_route=\/wp\/v2\/types\/page"}],"author":[{"embeddable":true,"href":"http:\/\/www.vshainburg.ac.at\/httpdocs\/wordpress\/index.php?rest_route=\/wp\/v2\/users\/9"}],"replies":[{"embeddable":true,"href":"http:\/\/www.vshainburg.ac.at\/httpdocs\/wordpress\/index.php?rest_route=%2Fwp%2Fv2%2Fcomments&post=59"}],"version-history":[{"count":5,"href":"http:\/\/www.vshainburg.ac.at\/httpdocs\/wordpress\/index.php?rest_route=\/wp\/v2\/pages\/59\/revisions"}],"predecessor-version":[{"id":774,"href":"http:\/\/www.vshainburg.ac.at\/httpdocs\/wordpress\/index.php?rest_route=\/wp\/v2\/pages\/59\/revisions\/774"}],"wp:attachment":[{"href":"http:\/\/www.vshainburg.ac.at\/httpdocs\/wordpress\/index.php?rest_route=%2Fwp%2Fv2%2Fmedia&parent=59"}],"curies":[{"name":"wp","href":"https:\/\/api.w.org\/{rel}","templated":true}]}}