{"id":58,"date":"2019-01-20T18:34:37","date_gmt":"2019-01-20T18:34:37","guid":{"rendered":"http:\/\/www.vshainburg.ac.at\/httpdocs\/wordpress\/?page_id=58"},"modified":"2020-02-13T13:09:14","modified_gmt":"2020-02-13T13:09:14","slug":"leitbild","status":"publish","type":"page","link":"http:\/\/www.vshainburg.ac.at\/httpdocs\/wordpress\/?page_id=58","title":{"rendered":"Leitbild\u00a0"},"content":{"rendered":"\n<p style=\"background-color:#a5d5e9;text-align:center\" class=\"has-background\">Gegenseitige Wertsch\u00e4tzung, H\u00f6flichkeit und Unterst\u00fctzung stellen f\u00fcr uns die Basis einer guten Schulkultur dar. Durch den besonders sorgsamen Umgang mit unseren Werten sorgen wir f\u00fcr ein ausgesprochen positives Schulklima.<br><br>Wir geben unseren Sch\u00fclerinnen und Sch\u00fclern Werte weiter, indem wir sie durch konkrete Handlungsm\u00f6glichkeiten zu einem respektvollen Umgang miteinander anleiten.<br><br>Die Entwicklung der sozialen Kompetenzen ist f\u00fcr uns sehr bedeutsam, weil wir voneinander lernen und uns gegenseitig wertsch\u00e4tzen wollen.<br><br>Integration ist ein Merkmal unserer Schule und wir nutzen die Vielfalt der Kulturen in unserem Haus.<\/p>\n\n\n\n<p style=\"background-color:#faf098;text-align:center\" class=\"has-background\">Gegenseitiger Respekt ist in unserem Haus besonders wichtig. Mobbing einzelner Sch\u00fclerinnen und Sch\u00fcler hat bei uns keinen Platz, weshalb wir dagegen entschieden vorgehen.<br><br>Unsere Schule arbeitet mit dem Mobbing &#8211; Interventionsansatz ohne Schuldzuweisung und ist \u201eNo Blame Approach\u201c zertifiziert.<\/p>\n\n\n\n<p style=\"background-color:#a5d5e9;text-align:center\" class=\"has-background\">Unsere\nSchule begleitet, f\u00f6rdert und unterst\u00fctzt die Sch\u00fclerinnen und Sch\u00fcler in ihrer\ngesamten Pers\u00f6nlichkeitsentwicklung. Individuelle Begabungen, F\u00e4higkeiten und Fertigkeiten\nwerden aufgegriffen und entsprechend gef\u00f6rdert.<\/p>\n\n\n\n<p style=\"background-color:#faf098;text-align:center\" class=\"has-background\">Unsere Schule legt gro\u00dfen Wert auf eine aktive Schulpartnerschaft.<br>Wir suchen stets das Miteinander mit den Eltern, beziehen diese laufend in den Schulalltag mit ein und legen gro\u00dfen Wert auf das Finden gemeinsamer L\u00f6sungen.<\/p>\n\n\n\n<p style=\"background-color:#a5d5e9;text-align:center\" class=\"has-background\">Kollegialit\u00e4t, Teamarbeit und gegenseitige Unterst\u00fctzung sind Voraussetzungen f\u00fcr ein gutes Schulklima und das Gelingen unserer Arbeit.<br><br>Das Weiterbilden unserer eigenen Kompetenz ist f\u00fcr uns ebenfalls von gro\u00dfer Bedeutung, deswegen besuchen alle Lehrerinnen und Lehrer laufend Fortbildungen in und au\u00dferhalb der Schule.<\/p>\n\n\n\n<p style=\"background-color:#faf098;text-align:center\" class=\"has-background\">Das\nHauptaugenmerk unserer Schule ist jedoch das Schaffen einer soliden Basis und\nGrundlage f\u00fcr weitere schulische Laufbahnen der uns anvertrauten Kinder.<\/p>\n","protected":false},"excerpt":{"rendered":"<p>Gegenseitige Wertsch\u00e4tzung, H\u00f6flichkeit und Unterst\u00fctzung stellen f\u00fcr uns die Basis einer guten Schulkultur dar. Durch den besonders sorgsamen Umgang mit unseren Werten sorgen wir f\u00fcr ein ausgesprochen positives Schulklima. Wir geben unseren Sch\u00fclerinnen und Sch\u00fclern Werte weiter, indem wir sie durch konkrete Handlungsm\u00f6glichkeiten zu einem respektvollen Umgang miteinander anleiten. Die<\/p>\n","protected":false},"author":9,"featured_media":0,"parent":0,"menu_order":0,"comment_status":"closed","ping_status":"closed","template":"","meta":{"footnotes":""},"class_list":["post-58","page","type-page","status-publish","hentry"],"_links":{"self":[{"href":"http:\/\/www.vshainburg.ac.at\/httpdocs\/wordpress\/index.php?rest_route=\/wp\/v2\/pages\/58","targetHints":{"allow":["GET"]}}],"collection":[{"href":"http:\/\/www.vshainburg.ac.at\/httpdocs\/wordpress\/index.php?rest_route=\/wp\/v2\/pages"}],"about":[{"href":"http:\/\/www.vshainburg.ac.at\/httpdocs\/wordpress\/index.php?rest_route=\/wp\/v2\/types\/page"}],"author":[{"embeddable":true,"href":"http:\/\/www.vshainburg.ac.at\/httpdocs\/wordpress\/index.php?rest_route=\/wp\/v2\/users\/9"}],"replies":[{"embeddable":true,"href":"http:\/\/www.vshainburg.ac.at\/httpdocs\/wordpress\/index.php?rest_route=%2Fwp%2Fv2%2Fcomments&post=58"}],"version-history":[{"count":5,"href":"http:\/\/www.vshainburg.ac.at\/httpdocs\/wordpress\/index.php?rest_route=\/wp\/v2\/pages\/58\/revisions"}],"predecessor-version":[{"id":332,"href":"http:\/\/www.vshainburg.ac.at\/httpdocs\/wordpress\/index.php?rest_route=\/wp\/v2\/pages\/58\/revisions\/332"}],"wp:attachment":[{"href":"http:\/\/www.vshainburg.ac.at\/httpdocs\/wordpress\/index.php?rest_route=%2Fwp%2Fv2%2Fmedia&parent=58"}],"curies":[{"name":"wp","href":"https:\/\/api.w.org\/{rel}","templated":true}]}}