{"id":493,"date":"2021-09-20T09:21:23","date_gmt":"2021-09-20T09:21:23","guid":{"rendered":"http:\/\/www.vshainburg.ac.at\/httpdocs\/wordpress\/?page_id=493"},"modified":"2026-04-15T07:58:22","modified_gmt":"2026-04-15T07:58:22","slug":"schulhofregel","status":"publish","type":"page","link":"http:\/\/www.vshainburg.ac.at\/httpdocs\/wordpress\/?page_id=493","title":{"rendered":"Schulhofregel"},"content":{"rendered":"\n<p>Sehr geehrte Erziehungsberechtigte, liebe Eltern,<\/p>\n\n\n\n<p>aus gegebenen Anlass bitten wir Sie, den <strong>Schulhof bis 12:30 freizuhalten<\/strong><br>und Ihr Kind <strong>au\u00dferhalb<\/strong> des Hofes abzuholen (Bereich Karner oder beim Schultor).<\/p>\n\n\n\n<p>Der Schulhof wird intensiv f\u00fcr den Sportunterricht und die Pausen ben\u00fctzt.<br>Da unsere Schule mittlerweile von 370 Sch\u00fclerInnen besucht wird ist der Raum<br>f\u00fcr Bewegung sehr gering.<\/p>\n\n\n\n<p>Au\u00dferdem kommt es, durch die hohe Frequenz, immer wieder zu gef\u00e4hrlichen<br>Situationen mit Kleinkindern und Kinderwagen.<\/p>\n\n\n\n<p>Zu<strong> Ihrem<\/strong> Schutz und dem <strong>Schutz unserer Sch\u00fclerInnen<\/strong> bitten wir Sie eindringlich<br>den Schulhof freizuhalten und uns zu unterst\u00fctzen Unf\u00e4lle zu vermeiden!!!<\/p>\n\n\n\n<p class=\"has-highlight-color has-text-color has-link-color has-large-font-size wp-elements-535f3b113657b12819d660fd01819a67\"><strong>Fahren mit (E)Scooter ist im Schulhof untersagt!!!<\/strong><\/p>\n\n\n\n<p>Vielen Dank f\u00fcr Ihre Mitarbeit und Unterst\u00fctzung<\/p>\n\n\n\n<p>mit freundlichen Gr\u00fc\u00dfen<\/p>\n\n\n\n<p>OSR VD Sabine Schodritz, MA<\/p>\n\n\n\n<p class=\"has-small-font-size\">Mail: <a href=\"mailto:direktion@volksschule-hainburg.at\">direktion@volksschule-hainburg.at<\/a><br>Tel: +43 (0) 2165\/62111-730<br>Stra\u00dfe: Alte Poststra\u00dfe 24<br>Ort: 2410 Hainburg an der Donau<br><a href=\"http:\/\/www.volksschule-hainburg.at\" data-type=\"URL\" data-id=\"www.volksschule-hainburg.at\">www.volksschule-hainburg.at<\/a><\/p>\n","protected":false},"excerpt":{"rendered":"<p>Sehr geehrte Erziehungsberechtigte, liebe Eltern, aus gegebenen Anlass bitten wir Sie, den Schulhof bis 12:30 freizuhaltenund Ihr Kind au\u00dferhalb des Hofes abzuholen (Bereich Karner oder beim Schultor). Der Schulhof wird intensiv f\u00fcr den Sportunterricht und die Pausen ben\u00fctzt.Da unsere Schule mittlerweile von 370 Sch\u00fclerInnen besucht wird ist der Raumf\u00fcr Bewegung<\/p>\n","protected":false},"author":9,"featured_media":0,"parent":0,"menu_order":0,"comment_status":"closed","ping_status":"closed","template":"","meta":{"footnotes":""},"class_list":["post-493","page","type-page","status-publish","hentry"],"_links":{"self":[{"href":"http:\/\/www.vshainburg.ac.at\/httpdocs\/wordpress\/index.php?rest_route=\/wp\/v2\/pages\/493","targetHints":{"allow":["GET"]}}],"collection":[{"href":"http:\/\/www.vshainburg.ac.at\/httpdocs\/wordpress\/index.php?rest_route=\/wp\/v2\/pages"}],"about":[{"href":"http:\/\/www.vshainburg.ac.at\/httpdocs\/wordpress\/index.php?rest_route=\/wp\/v2\/types\/page"}],"author":[{"embeddable":true,"href":"http:\/\/www.vshainburg.ac.at\/httpdocs\/wordpress\/index.php?rest_route=\/wp\/v2\/users\/9"}],"replies":[{"embeddable":true,"href":"http:\/\/www.vshainburg.ac.at\/httpdocs\/wordpress\/index.php?rest_route=%2Fwp%2Fv2%2Fcomments&post=493"}],"version-history":[{"count":3,"href":"http:\/\/www.vshainburg.ac.at\/httpdocs\/wordpress\/index.php?rest_route=\/wp\/v2\/pages\/493\/revisions"}],"predecessor-version":[{"id":1376,"href":"http:\/\/www.vshainburg.ac.at\/httpdocs\/wordpress\/index.php?rest_route=\/wp\/v2\/pages\/493\/revisions\/1376"}],"wp:attachment":[{"href":"http:\/\/www.vshainburg.ac.at\/httpdocs\/wordpress\/index.php?rest_route=%2Fwp%2Fv2%2Fmedia&parent=493"}],"curies":[{"name":"wp","href":"https:\/\/api.w.org\/{rel}","templated":true}]}}