{"id":394,"date":"2020-11-17T09:38:30","date_gmt":"2020-11-17T09:38:30","guid":{"rendered":"http:\/\/www.vshainburg.ac.at\/httpdocs\/wordpress\/?page_id=394"},"modified":"2026-04-15T07:58:00","modified_gmt":"2026-04-15T07:58:00","slug":"corona-informationen","status":"publish","type":"page","link":"http:\/\/www.vshainburg.ac.at\/httpdocs\/wordpress\/?page_id=394","title":{"rendered":"Zutritt zur Schule"},"content":{"rendered":"\n<p class=\"has-text-align-left\">Liebe Eltern, liebe Erziehungsberechtigte,<strong> <\/strong><\/p>\n\n\n\n<p class=\"has-text-align-left\"><strong><mark style=\"background-color:rgba(0, 0, 0, 0)\" class=\"has-inline-color has-highlight-color\">Eltern<\/mark><\/strong> ist der Zutritt zum Schulgeb\u00e4ude <strong>nur <\/strong>nach <strong><mark style=\"background-color:rgba(0, 0, 0, 0)\" class=\"has-inline-color has-highlight-color\">Terminvereinbarung<\/mark><\/strong> gestattet!<\/p>\n\n\n\n<p class=\"has-text-align-left\">Der Zutritt zur Schule erfolgt f\u00fcr unsere Sch\u00fcler\/innen \u00fcber beide HOF-Eing\u00e4nge gestaffelt.<\/p>\n\n\n\n<p class=\"has-text-align-left\">Haupteingang Hof (1)<strong>:  <\/strong> VSK, DF\u00d6KL, 1a, 2a, 2b,<br>2c, 2d, 3d, 4a, 4d<br>Eingang Hof (2): 1b, 1c, 1d, 3a, 3b, 3c, 4b, 4c <br>Eingang Stra\u00dfenseite (3) <strong>geschlossen<\/strong> (nur Notausgang)<br>Eingang Stra\u00dfenseite (4) <strong>geschlossen<\/strong> (nur Notausgang)<\/p>\n\n\n\n<p class=\"has-text-align-center\"><em> <\/em><\/p>\n\n\n\n<p class=\"has-text-align-center\">Wir danken f\u00fcr Ihr Verst\u00e4ndnis!<\/p>\n\n\n\n<p>mit freundlichen Gr\u00fc\u00dfen<\/p>\n\n\n\n<p>OSR VD Sabine Schodritz, MA<\/p>\n\n\n\n<p class=\"has-small-font-size\">Mail: <a href=\"mailto:direktion@volksschule-hainburg.at\">direktion@volksschule-hainburg.at<\/a><br>Tel: +43 (0) 2165\/62111-730<br>Stra\u00dfe: Alte Poststra\u00dfe 24<br>Ort: 2410 Hainburg an der Donau<br><a href=\"http:\/\/www.volksschule-hainburg.at\">www.volksschule-hainburg.at<\/a><\/p>\n","protected":false},"excerpt":{"rendered":"<p>Liebe Eltern, liebe Erziehungsberechtigte, Eltern ist der Zutritt zum Schulgeb\u00e4ude nur nach Terminvereinbarung gestattet! Der Zutritt zur Schule erfolgt f\u00fcr unsere Sch\u00fcler\/innen \u00fcber beide HOF-Eing\u00e4nge gestaffelt. Haupteingang Hof (1): VSK, DF\u00d6KL, 1a, 2a, 2b,2c, 2d, 3d, 4a, 4dEingang Hof (2): 1b, 1c, 1d, 3a, 3b, 3c, 4b, 4c Eingang Stra\u00dfenseite<\/p>\n","protected":false},"author":9,"featured_media":0,"parent":0,"menu_order":0,"comment_status":"closed","ping_status":"closed","template":"","meta":{"footnotes":""},"class_list":["post-394","page","type-page","status-publish","hentry"],"_links":{"self":[{"href":"http:\/\/www.vshainburg.ac.at\/httpdocs\/wordpress\/index.php?rest_route=\/wp\/v2\/pages\/394","targetHints":{"allow":["GET"]}}],"collection":[{"href":"http:\/\/www.vshainburg.ac.at\/httpdocs\/wordpress\/index.php?rest_route=\/wp\/v2\/pages"}],"about":[{"href":"http:\/\/www.vshainburg.ac.at\/httpdocs\/wordpress\/index.php?rest_route=\/wp\/v2\/types\/page"}],"author":[{"embeddable":true,"href":"http:\/\/www.vshainburg.ac.at\/httpdocs\/wordpress\/index.php?rest_route=\/wp\/v2\/users\/9"}],"replies":[{"embeddable":true,"href":"http:\/\/www.vshainburg.ac.at\/httpdocs\/wordpress\/index.php?rest_route=%2Fwp%2Fv2%2Fcomments&post=394"}],"version-history":[{"count":23,"href":"http:\/\/www.vshainburg.ac.at\/httpdocs\/wordpress\/index.php?rest_route=\/wp\/v2\/pages\/394\/revisions"}],"predecessor-version":[{"id":1375,"href":"http:\/\/www.vshainburg.ac.at\/httpdocs\/wordpress\/index.php?rest_route=\/wp\/v2\/pages\/394\/revisions\/1375"}],"wp:attachment":[{"href":"http:\/\/www.vshainburg.ac.at\/httpdocs\/wordpress\/index.php?rest_route=%2Fwp%2Fv2%2Fmedia&parent=394"}],"curies":[{"name":"wp","href":"https:\/\/api.w.org\/{rel}","templated":true}]}}